{"id":545,"date":"2022-04-19T07:20:51","date_gmt":"2022-04-19T07:20:51","guid":{"rendered":"https:\/\/themepure.net\/wp\/eduker\/?page_id=545"},"modified":"2024-09-05T22:19:36","modified_gmt":"2024-09-05T20:19:36","slug":"mission","status":"publish","type":"page","link":"https:\/\/scuolacet.thestudios.it\/?page_id=545","title":{"rendered":"Mission"},"content":{"rendered":"\t\t<div data-elementor-type=\"wp-page\" data-elementor-id=\"545\" class=\"elementor elementor-545\">\n\t\t\t\t\t\t<section class=\"elementor-section elementor-top-section elementor-element elementor-element-3846dfe elementor-section-full_width elementor-section-height-default elementor-section-height-default\" data-id=\"3846dfe\" data-element_type=\"section\">\n\t\t\t\t\t\t<div class=\"elementor-container elementor-column-gap-no\">\n\t\t\t\t\t<div class=\"elementor-column elementor-col-100 elementor-top-column elementor-element elementor-element-3c479b7\" data-id=\"3c479b7\" data-element_type=\"column\">\n\t\t\t<div class=\"elementor-widget-wrap elementor-element-populated\">\n\t\t\t\t\t\t<div class=\"elementor-element elementor-element-17ea564 elementor-widget elementor-widget-about\" data-id=\"17ea564\" data-element_type=\"widget\" data-widget_type=\"about.default\">\n\t\t\t\t<div class=\"elementor-widget-container\">\n\t\t\t\n\t\t\t\n\n         <section class=\"about__area p-relative\">\n            <div class=\"container\">\n               <div class=\"row\">\n                  <div class=\"col-xxl-7 col-xl-7 col-lg-7\">\n                     <div class=\"about__thumb-wrapper d-sm-flex mr-20 p-relative\">\n                        <div class=\"about__shape\">\n                           <img decoding=\"async\" class=\"about__shape-1 d-none d-sm-block\" src=\"https:\/\/scuolacet.thestudios.it\/wp-content\/themes\/eduker\/assets\/img\/about\/about-shape-1.png\" alt=\"img\">\n                           <img decoding=\"async\" class=\"about__shape-2 d-none d-sm-block\" src=\"https:\/\/scuolacet.thestudios.it\/wp-content\/themes\/eduker\/assets\/img\/about\/about-shape-2.png\" alt=\"img\">\n                           <img decoding=\"async\" class=\"about__shape-3\" src=\"https:\/\/scuolacet.thestudios.it\/wp-content\/themes\/eduker\/assets\/img\/about\/about-shape-3.png\" alt=\"img\">\n                        <\/div>\n                        <div class=\"about__thumb-left mr-10\">\n                                                       <div class=\"about__thumb-1 mb-10\">\n                             <img decoding=\"async\" src=\"https:\/\/scuolacet.thestudios.it\/wp-content\/uploads\/2022\/04\/about-1.jpg\" alt=\"\">\n                           <\/div>\n                                                                                 <div class=\"about__thumb-1 mb-10 text-end\">\n                              <img decoding=\"async\" src=\"https:\/\/scuolacet.thestudios.it\/wp-content\/uploads\/2022\/04\/about-3.jpg\" alt=\"\">\n                           <\/div>\n                                                   <\/div>\n                                                <div class=\"about__thumb-2 mb-10\">\n                           <img decoding=\"async\" src=\"https:\/\/scuolacet.thestudios.it\/wp-content\/uploads\/2022\/04\/about-2.jpg\" alt=\"\">\n                        <\/div>\n                                             <\/div>\n                  <\/div>\n                  <div class=\"col-xxl-5 col-xl-5 col-lg-5\">\n                     <div class=\"about__content pl-70 pr-25\">\n                        \n                        <div class=\"section__title-wrapper mb-15\">\n                        \n                        <h2 class=\"section__title\">Mission<\/h2>                        <\/div>\n\n                                                <p>La mission di Scuola CET \u00e8 favorire l\u2019integrazione della persona nel tessuto sociale, attraverso lo sviluppo professionale e civile. \n<br>In coerenza con gli scopi indicati nel nostro Statuto, operiamo per essere un Ente di riferimento nel settore dell' orientamento e formazione professionale.<br>\nPer fare questo lavoriamo insieme con un sistema condiviso di valori che guidano le nostre scelte:\n<h4>Competenza e affidabilit\u00e0<\/h4>\n\nPer sviluppare le competenze delle persone ci impegniamo ad essere i primi e i pi\u00f9 competenti nel nostro lavoro.<br> La professionalit\u00e0 e la garanzia di seriet\u00e0 sono gli elementi che ci fanno meritare la fiducia delle persone e delle imprese che si affidano a noi.<br>\nApplichiamo metodi rigorosi, controlli di qualit\u00e0, innovazioni formative e sappiamo sempre essere attenti ai bisogni degli individui.<br><br>\n\n<h4>Apertura al mercato<\/h4>\nFacciamo grande attenzione ai bisogni dell\u2019oggi ma ci sforziamo di vedere lontano per offrire soluzioni nuove ai problemi e per anticipare le richieste del territorio: le risorse umane sono la leva dell\u2019innovazione di cui il sistema ha bisogno.<br><br>\n\n<h4>Integrit\u00e0 e trasparenza<\/h4>\nConsapevoli dell\u2019importanza del nostro ruolo, siamo attenti al rispetto degli impegni che assumiamo nei confronti dell'utenza , dei collaboratori, delle imprese, delle istituzioni e dei \u201cportatori di interessi\u201d, creando valore e fiducia nel nostro territorio.<br>\n\nLe linee d\u2019azione della nostra politica:\n<ul>\n<li>Promuovere e diffondere la formazione professionale dei giovani<\/li>\n<li>Una scuola e una formazione al plurale<\/li>\n<li>Una scuola e una formazione che educhino alla vita e al lavoro<\/li>\n<li>Il sostegno al rinnovamento del sistema educativo del Paese<\/li>\n<li>Promuovere partnership con il sistema scolastico e universitario<\/li>\n<\/ul><br>\n\n<h5>Le opzioni metodologiche:<\/h5>\n<\/p>\n                        \n                        \n                        <div class=\"about__list mb-40\">\n                           <ul>\n                                                            <li>\n                                                                                                            <span><i aria-hidden=\"true\" class=\"fal fa-check\"><\/i><\/span>\n                                       \n                                 \n                                Apprendimento dall\u2019esperienza                                <\/li>\n                                                            <li>\n                                                                                                            <span><i aria-hidden=\"true\" class=\"fal fa-check\"><\/i><\/span>\n                                       \n                                 \n                                Qualit\u00e0 della formazione                                <\/li>\n                                                            <li>\n                                                                                                            <span><i aria-hidden=\"true\" class=\"fal fa-check\"><\/i><\/span>\n                                       \n                                 \n                                Formazione dei formatori e degli operatori (intesi quale figure complesse con funzioni e   competenze plurime da adattare alla situazione formativa)                                <\/li>\n                                                            <li>\n                                                                                                            <span><i aria-hidden=\"true\" class=\"fal fa-check\"><\/i><\/span>\n                                       \n                                 \n                                Innovazione didattica e tecnologica                                <\/li>\n                                                            <li>\n                                                                                                            <span><i aria-hidden=\"true\" class=\"fal fa-check\"><\/i><\/span>\n                                       \n                                 \n                                Percorso formativo personalizzato, flessibile, soggetto ad una valutazione ricorrente                                <\/li>\n                                                            <li>\n                                                                                                            <span><i aria-hidden=\"true\" class=\"fal fa-check\"><\/i><\/span>\n                                       \n                                 \n                                Offerta servizi stabili e sinergici all\u2019erogazione degli interventi formativi professionalizzanti                                 <\/li>\n                               \n                           <\/ul>\n                        <\/div>\n\n                                             <\/div>\n                  <\/div>\n               <\/div>\n            <\/div>\n         <\/section>\n\n        \n        \t\t<\/div>\n\t\t\t\t<\/div>\n\t\t\t\t\t<\/div>\n\t\t<\/div>\n\t\t\t\t\t<\/div>\n\t\t<\/section>\n\t\t\t\t<\/div>\n\t\t","protected":false},"excerpt":{"rendered":"<p>Mission La mission di Scuola CET \u00e8 favorire l\u2019integrazione della persona nel tessuto sociale, attraverso lo sviluppo professionale e civile. In coerenza con gli scopi indicati nel nostro Statuto, operiamo per essere un Ente di riferimento nel settore dell&#8217; orientamento e formazione professionale. Per fare questo lavoriamo insieme con un sistema condiviso di valori che [&hellip;]<\/p>\n","protected":false},"author":1,"featured_media":0,"parent":0,"menu_order":0,"comment_status":"closed","ping_status":"closed","template":"elementor_header_footer","meta":{"_acf_changed":false,"footnotes":""},"class_list":["post-545","page","type-page","status-publish","hentry"],"acf":[],"aioseo_notices":[],"_links":{"self":[{"href":"https:\/\/scuolacet.thestudios.it\/index.php?rest_route=\/wp\/v2\/pages\/545","targetHints":{"allow":["GET"]}}],"collection":[{"href":"https:\/\/scuolacet.thestudios.it\/index.php?rest_route=\/wp\/v2\/pages"}],"about":[{"href":"https:\/\/scuolacet.thestudios.it\/index.php?rest_route=\/wp\/v2\/types\/page"}],"author":[{"embeddable":true,"href":"https:\/\/scuolacet.thestudios.it\/index.php?rest_route=\/wp\/v2\/users\/1"}],"replies":[{"embeddable":true,"href":"https:\/\/scuolacet.thestudios.it\/index.php?rest_route=%2Fwp%2Fv2%2Fcomments&post=545"}],"version-history":[{"count":4,"href":"https:\/\/scuolacet.thestudios.it\/index.php?rest_route=\/wp\/v2\/pages\/545\/revisions"}],"predecessor-version":[{"id":1273,"href":"https:\/\/scuolacet.thestudios.it\/index.php?rest_route=\/wp\/v2\/pages\/545\/revisions\/1273"}],"wp:attachment":[{"href":"https:\/\/scuolacet.thestudios.it\/index.php?rest_route=%2Fwp%2Fv2%2Fmedia&parent=545"}],"curies":[{"name":"wp","href":"https:\/\/api.w.org\/{rel}","templated":true}]}}